{"id":6527,"date":"2023-08-26T20:13:11","date_gmt":"2023-08-26T20:13:11","guid":{"rendered":"https:\/\/ecommerce.paineldemonstrativo.com.br\/tema03\/?post_type=product&#038;p=6527"},"modified":"2023-08-26T20:13:11","modified_gmt":"2023-08-26T20:13:11","slug":"volante-motor-luk-volkswagen-amarok-2-0-diesel-2011-2019","status":"publish","type":"product","link":"https:\/\/ecommerce.paineldemonstrativo.com.br\/tema03\/produto\/volante-motor-luk-volkswagen-amarok-2-0-diesel-2011-2019\/","title":{"rendered":"VOLANTE MOTOR LUK VOLKSWAGEN AMAROK 2.0 DIESEL 2011-2019"},"content":{"rendered":"<div class=\"row padding-b-md\">\n<div class=\"product-description color-base-color-mdl font-size-xs\">\n<div class=\"h1 h2 h3 h4 h5 h5 p table ul dl\">\n<div class=\"productDescription\">Volante do motor bi-massa.<\/p>\n<p>Propriedades:<br \/>\n&#8211; volante bi-massa;<br \/>\n&#8211; n\u00e3o acompanha parafusos de fixa\u00e7\u00e3o.<\/p>\n<p>Observa\u00e7\u00e3o:<br \/>\n&#8211; o kit de embreagem \u00e9 vendido separadamente.<\/p><\/div>\n<\/div>\n<\/div>\n<\/div>\n<div class=\"row padding-v-md\">\n<div class=\"product-specification h1 h2 h3 h4 h5 h6 p table ul dl\">\n<div class=\"vehicle-selection\">\n<div id=\"caracteristicas\">\n<h4 class=\"group Detalhes-do-Produto\">DETALHES DO PRODUTO<\/h4>\n<table class=\"group Detalhes-do-Produto\" cellspacing=\"0\">\n<tbody>\n<tr class=\"even\">\n<th class=\"name-field Unidade\">Unidade<\/th>\n<td class=\"value-field Unidade\">Pe\u00e7a<\/td>\n<\/tr>\n<tr>\n<th class=\"name-field Codigo-EAN\">C\u00f3digo EAN<\/th>\n<td class=\"value-field Codigo-EAN\">4005108819079<\/td>\n<\/tr>\n<tr class=\"even\">\n<th class=\"name-field Fabricante\">Fabricante<\/th>\n<td class=\"value-field Fabricante\">LUK<\/td>\n<\/tr>\n<tr>\n<th class=\"name-field Codigo-OEM\">C\u00f3digo OEM<\/th>\n<td class=\"value-field Codigo-OEM\">03L105266AG 03L105266DK 03L105266CH<\/td>\n<\/tr>\n<tr class=\"even\">\n<th class=\"name-field Garantia\">Garantia<\/th>\n<td class=\"value-field Garantia\">3 meses<\/td>\n<\/tr>\n<\/tbody>\n<\/table>\n<\/div>\n<\/div>\n<div class=\"product-details\">\n<div id=\"caracteristicas\">\n<h4 class=\"group Selecao-Veiculo\">SELE\u00c7\u00c3O VE\u00cdCULO<\/h4>\n<table class=\"group Selecao-Veiculo\" cellspacing=\"0\">\n<tbody>\n<tr class=\"even\">\n<th class=\"name-field Ano\">Ano<\/th>\n<td class=\"value-field Ano\">2011, 2012, 2013, 2014, 2015, 2016, 2017, 2018, 2019<\/td>\n<\/tr>\n<tr>\n<th class=\"name-field Montadora\">Montadora<\/th>\n<td class=\"value-field Montadora\">Volkswagen<\/td>\n<\/tr>\n<tr class=\"even\">\n<th class=\"name-field Modelo\">Modelo<\/th>\n<td class=\"value-field Modelo\">Amarok<\/td>\n<\/tr>\n<tr>\n<th class=\"name-field Versao\">Vers\u00e3o<\/th>\n<td class=\"value-field Versao\">Diesel<\/td>\n<\/tr>\n<tr class=\"even\">\n<th class=\"name-field Motorizacao\">Motoriza\u00e7\u00e3o<\/th>\n<td class=\"value-field Motorizacao\">2.0<\/td>\n<\/tr>\n<tr>\n<th class=\"name-field Valvulas\">V\u00e1lvulas<\/th>\n<td class=\"value-field Valvulas\">&#8211;<\/td>\n<\/tr>\n<\/tbody>\n<\/table>\n<\/div>\n<\/div>\n<\/div>\n<\/div>\n","protected":false},"excerpt":{"rendered":"<p>Volante do motor bi-massa. Propriedades: &#8211; volante bi-massa; &#8211; n\u00e3o acompanha parafusos de fixa\u00e7\u00e3o. Observa\u00e7\u00e3o: &#8211; o kit de embreagem \u00e9 vendido separadamente. DETALHES DO PRODUTO Unidade Pe\u00e7a C\u00f3digo EAN 4005108819079 Fabricante LUK C\u00f3digo OEM 03L105266AG 03L105266DK 03L105266CH Garantia 3 meses SELE\u00c7\u00c3O VE\u00cdCULO Ano 2011, 2012, 2013, 2014, 2015, 2016, 2017, 2018, 2019 Montadora Volkswagen [&hellip;]<\/p>\n","protected":false},"featured_media":6528,"comment_status":"open","ping_status":"closed","template":"","meta":{"_joinchat":[]},"product_cat":[15],"product_tag":[],"class_list":["post-6527","product","type-product","status-publish","has-post-thumbnail","hentry","product_cat-exterior"],"_links":{"self":[{"href":"https:\/\/ecommerce.paineldemonstrativo.com.br\/tema03\/wp-json\/wp\/v2\/product\/6527"}],"collection":[{"href":"https:\/\/ecommerce.paineldemonstrativo.com.br\/tema03\/wp-json\/wp\/v2\/product"}],"about":[{"href":"https:\/\/ecommerce.paineldemonstrativo.com.br\/tema03\/wp-json\/wp\/v2\/types\/product"}],"replies":[{"embeddable":true,"href":"https:\/\/ecommerce.paineldemonstrativo.com.br\/tema03\/wp-json\/wp\/v2\/comments?post=6527"}],"version-history":[{"count":1,"href":"https:\/\/ecommerce.paineldemonstrativo.com.br\/tema03\/wp-json\/wp\/v2\/product\/6527\/revisions"}],"predecessor-version":[{"id":6529,"href":"https:\/\/ecommerce.paineldemonstrativo.com.br\/tema03\/wp-json\/wp\/v2\/product\/6527\/revisions\/6529"}],"wp:featuredmedia":[{"embeddable":true,"href":"https:\/\/ecommerce.paineldemonstrativo.com.br\/tema03\/wp-json\/wp\/v2\/media\/6528"}],"wp:attachment":[{"href":"https:\/\/ecommerce.paineldemonstrativo.com.br\/tema03\/wp-json\/wp\/v2\/media?parent=6527"}],"wp:term":[{"taxonomy":"product_cat","embeddable":true,"href":"https:\/\/ecommerce.paineldemonstrativo.com.br\/tema03\/wp-json\/wp\/v2\/product_cat?post=6527"},{"taxonomy":"product_tag","embeddable":true,"href":"https:\/\/ecommerce.paineldemonstrativo.com.br\/tema03\/wp-json\/wp\/v2\/product_tag?post=6527"}],"curies":[{"name":"wp","href":"https:\/\/api.w.org\/{rel}","templated":true}]}}