{"id":6534,"date":"2023-08-26T20:20:44","date_gmt":"2023-08-26T20:20:44","guid":{"rendered":"https:\/\/ecommerce.paineldemonstrativo.com.br\/tema03\/?post_type=product&#038;p=6534"},"modified":"2023-08-26T20:24:42","modified_gmt":"2023-08-26T20:24:42","slug":"bateria-38ah-12v-caixa-alta-positivo-lado-direito","status":"publish","type":"product","link":"https:\/\/ecommerce.paineldemonstrativo.com.br\/tema03\/produto\/bateria-38ah-12v-caixa-alta-positivo-lado-direito\/","title":{"rendered":"Bateria 38AH 12V Caixa Alta Positivo Lado Direito"},"content":{"rendered":"","protected":false},"excerpt":{"rendered":"<div class=\"product_details_dec mb_76\">\n<div class=\"product_details_dec_body\">A bateria \u00e9 um componente essencial do sistema el\u00e9trico de um ve\u00edculo. Sua fun\u00e7\u00e3o principal \u00e9 fornecer energia el\u00e9trica necess\u00e1ria para dar partida no motor e alimentar os sistemas el\u00e9tricos do ve\u00edculo quando o motor est\u00e1 desligado.<\/div>\n<\/div>\n<div class=\"product_details_dec mb_76\">\n<div class=\"product_details_dec_header\">\n<h4 class=\"font_20 f_w_400 m-0 \">Especifica\u00e7\u00f5es do produto<\/h4>\n<\/div>\n<div class=\"product_details_dec_body\">\n<div class=\"single_desc style2 mb_20\">\n<p class=\"f_w_500 m-0\">Marca : Heliar<\/p>\n<p class=\"f_w_500 m-0\">N\u00famero do modelo : HF38JD<\/p>\n<p class=\"f_w_500 m-0\">Disponibilidade: Em estoque<\/p>\n<p class=\"f_w_500 m-0\">Quantidade m\u00ednima por pedido : 1<\/p>\n<p class=\"f_w_500 m-0\">Quantidade m\u00e1xima por pedido :<\/p>\n<p class=\"f_w_500 m-0\">Data listada : 07\/05\/2023<\/p>\n<\/div>\n<p>BATERIA 38AH AMPERES 12V CAIXA ALTA POSITIVO LADO DIREITO<\/p>\n<p>HELIAR HG38JD = M40SD 40AH<\/p>\n<p>POLO BATERIA E SOMENTE A MEDIDA MAIS GROSSA PARA LINHA ORIENTAL<\/p>\n<p>ANTIGAMENTE A HELIAR FAZIA O MODELO COM ADAPTADOR<\/p>\n<p>DIMENSOES:<\/p>\n<p>COMPRIMENTO: 197MM<\/p>\n<p>LARGURA: 130MM<\/p>\n<p>ALTURA: 225MM<\/p>\n<p>GARANTIA: 24 MESES<\/p>\n<p>EXCETO COMO TAXI, AMBULANCIA, BOMBEIRO, VIATURAS POLICIAIS,<\/p>\n<p>TRANSPORTE ALTERNATIVO, LOTACOES<\/p>\n<p>E CARROS UTILIZADOS PARA SERVICO PUBLICO, SERA 15 MESES.<\/p>\n<\/div>\n<\/div>\n","protected":false},"featured_media":6539,"comment_status":"open","ping_status":"closed","template":"","meta":{"_joinchat":[]},"product_cat":[15],"product_tag":[],"class_list":["post-6534","product","type-product","status-publish","has-post-thumbnail","hentry","product_cat-exterior"],"_links":{"self":[{"href":"https:\/\/ecommerce.paineldemonstrativo.com.br\/tema03\/wp-json\/wp\/v2\/product\/6534"}],"collection":[{"href":"https:\/\/ecommerce.paineldemonstrativo.com.br\/tema03\/wp-json\/wp\/v2\/product"}],"about":[{"href":"https:\/\/ecommerce.paineldemonstrativo.com.br\/tema03\/wp-json\/wp\/v2\/types\/product"}],"replies":[{"embeddable":true,"href":"https:\/\/ecommerce.paineldemonstrativo.com.br\/tema03\/wp-json\/wp\/v2\/comments?post=6534"}],"version-history":[{"count":1,"href":"https:\/\/ecommerce.paineldemonstrativo.com.br\/tema03\/wp-json\/wp\/v2\/product\/6534\/revisions"}],"predecessor-version":[{"id":6535,"href":"https:\/\/ecommerce.paineldemonstrativo.com.br\/tema03\/wp-json\/wp\/v2\/product\/6534\/revisions\/6535"}],"wp:featuredmedia":[{"embeddable":true,"href":"https:\/\/ecommerce.paineldemonstrativo.com.br\/tema03\/wp-json\/wp\/v2\/media\/6539"}],"wp:attachment":[{"href":"https:\/\/ecommerce.paineldemonstrativo.com.br\/tema03\/wp-json\/wp\/v2\/media?parent=6534"}],"wp:term":[{"taxonomy":"product_cat","embeddable":true,"href":"https:\/\/ecommerce.paineldemonstrativo.com.br\/tema03\/wp-json\/wp\/v2\/product_cat?post=6534"},{"taxonomy":"product_tag","embeddable":true,"href":"https:\/\/ecommerce.paineldemonstrativo.com.br\/tema03\/wp-json\/wp\/v2\/product_tag?post=6534"}],"curies":[{"name":"wp","href":"https:\/\/api.w.org\/{rel}","templated":true}]}}